{"id":14,"date":"2020-03-19T15:37:37","date_gmt":"2020-03-19T15:37:37","guid":{"rendered":"http:\/\/new.raad-bv.nl\/?page_id=14"},"modified":"2020-04-09T13:38:18","modified_gmt":"2020-04-09T12:38:18","slug":"welkom-bij-raad-b-v","status":"publish","type":"page","link":"https:\/\/raad-bv.nl\/","title":{"rendered":"Home"},"content":{"rendered":"\n<figure class=\"wp-block-image size-large\"><img loading=\"lazy\" decoding=\"async\" width=\"920\" height=\"348\" src=\"http:\/\/raad-bv.nl\/wp-content\/uploads\/2020\/03\/slide12.jpg\" alt=\"\" class=\"wp-image-13\" srcset=\"https:\/\/raad-bv.nl\/wp-content\/uploads\/2020\/03\/slide12.jpg 920w, https:\/\/raad-bv.nl\/wp-content\/uploads\/2020\/03\/slide12-300x113.jpg 300w, https:\/\/raad-bv.nl\/wp-content\/uploads\/2020\/03\/slide12-768x291.jpg 768w\" sizes=\"auto, (max-width: 920px) 100vw, 920px\" \/><\/figure>\n\n\n\n<p><strong>Welkom bij Raad B.V.<\/strong><\/p>\n\n\n\n<p>Wij zijn een administratiekantoor en vanwege onze lokale en  internationale kennis kunnen wij u ondersteunen met de administratieve  en fiscale zaken waarmee een onderneming dagelijks wordt geconfronteerd.  In het doolhof van alle fiscale regels en verplichtingen is het fijn  rust in uw onderneming te cre\u00ebren. Door onze \u00e9\u00e9n-loketgedachte is u  onderneming bij ons op het juiste adres , dankzij de  samenwerkingsverbanden met verschillende organisaties kunnen wij snel en  doelmatig inspelen bij complexe en specifieke vraagstukken. Hierdoor  wordt de kwaliteit gewaarborgd en staat het gemak van de klant voorop. <\/p>\n","protected":false},"excerpt":{"rendered":"<p>Welkom bij Raad B.V. Wij zijn een administratiekantoor en vanwege onze lokale en internationale kennis kunnen wij u ondersteunen met de administratieve en fiscale zaken waarmee een onderneming dagelijks wordt geconfronteerd. In het doolhof van alle fiscale regels en verplichtingen is het fijn rust in uw onderneming te cre\u00ebren. Door onze \u00e9\u00e9n-loketgedachte is u onderneming [&hellip;]<\/p>\n","protected":false},"author":2,"featured_media":0,"parent":0,"menu_order":0,"comment_status":"closed","ping_status":"closed","template":"","meta":{"footnotes":""},"class_list":["post-14","page","type-page","status-publish","hentry"],"_links":{"self":[{"href":"https:\/\/raad-bv.nl\/index.php\/wp-json\/wp\/v2\/pages\/14","targetHints":{"allow":["GET"]}}],"collection":[{"href":"https:\/\/raad-bv.nl\/index.php\/wp-json\/wp\/v2\/pages"}],"about":[{"href":"https:\/\/raad-bv.nl\/index.php\/wp-json\/wp\/v2\/types\/page"}],"author":[{"embeddable":true,"href":"https:\/\/raad-bv.nl\/index.php\/wp-json\/wp\/v2\/users\/2"}],"replies":[{"embeddable":true,"href":"https:\/\/raad-bv.nl\/index.php\/wp-json\/wp\/v2\/comments?post=14"}],"version-history":[{"count":12,"href":"https:\/\/raad-bv.nl\/index.php\/wp-json\/wp\/v2\/pages\/14\/revisions"}],"predecessor-version":[{"id":132,"href":"https:\/\/raad-bv.nl\/index.php\/wp-json\/wp\/v2\/pages\/14\/revisions\/132"}],"wp:attachment":[{"href":"https:\/\/raad-bv.nl\/index.php\/wp-json\/wp\/v2\/media?parent=14"}],"curies":[{"name":"wp","href":"https:\/\/api.w.org\/{rel}","templated":true}]}}