{"id":53,"date":"2020-03-24T15:14:17","date_gmt":"2020-03-24T14:14:17","guid":{"rendered":"https:\/\/new.raad-bv.nl\/?page_id=53"},"modified":"2020-03-24T15:14:17","modified_gmt":"2020-03-24T14:14:17","slug":"vraag-1","status":"publish","type":"page","link":"https:\/\/raad-bv.nl\/index.php\/vraag-1\/","title":{"rendered":"Vraag 1"},"content":{"rendered":"\n<p><strong>Kan ik mijn auto beter in priv\u00e9 houden of op de zaak zetten?<\/strong><\/p>\n\n\n\n<p>Dit is van een aantal factoren afhankelijk. De keuze die u maakt, heeft gevolgen voor de wijze waarop u de kosten van de auto moet verwerken in uw winstberekening. U moet voor de inkomstenbelasting bepalen of uw auto tot het ondernemingsvermogen of tot uw priv\u00e9vermogen hoort. Als u niet meer dan 500 kilometer per jaar met uw auto priv\u00e9 rijdt, dan wordt de auto voor de inkomstenbelasting als een auto van uw onderneming gezien. U kunt in dat geval niet zelf kiezen.<br>Als u de auto op de zaak zet, vallen alle kosten zoals benzine, onderhoud, aanschaf (afschrijving) en verzekering onder uw zakelijke kosten. Als u een auto van uw onderneming ook priv\u00e9 gebruikt, moet u voor dat priv\u00e9gebruik een bedrag verrekenen met de autokosten van de onderneming. Voor de omzetbelasting wordt het priv\u00e9gebruik belast als een fictieve dienst waarover u het algemene tarief betaalt. Houdt u geen kilometeradministratie bij, dan wordt de waarde van de fictieve dienst gesteld op 2,7% van de cataloguswaarde. Rijdt u minder dan 500 kilometer priv\u00e9 per jaar, dan hoeft u voor de inkomstenbelasting niets te verrekenen. U moet dit wel aantonen met bijvoorbeeld een rittenregistratie.<br>U kunt met een sluitende (en controleerbare) rittenregistratie bewijzen dat u niet meer dan 500 priv\u00e9kilometers hebt gereden. In de rittenregistratie moet u het volgende vermelden:<br>\u2022 het merk van de auto<br>\u2022 het type van de auto<br>\u2022 het kenteken van de auto<br>\u2022 de periode waarin u de auto tot uw beschikking hebt<br>\u2022 de ritgegevens<br>Een rit is de enkele reisafstand tussen twee adressen.<\/p>\n\n\n\n<p>Als u de auto in priv\u00e9 houdt, dan kunt u de zakelijke kilometers (0,19 cent per kilometer) als kosten opvoeren. Btw op onderhouds-, reparatie- en gebruikskosten mag u aftrekken voor zover u de auto voor uw onderneming gebruikt. Stel dat u jaarlijks 20.000 kilometer rijdt waarvan 10.000 zakelijk, dan kunt u 50% van de btw op de gemaakte kosten aftrekken.<br>Let op: woon-werkverkeer geldt voor de btw als priv\u00e9-gebruik.<\/p>\n","protected":false},"excerpt":{"rendered":"<p>Kan ik mijn auto beter in priv\u00e9 houden of op de zaak zetten? Dit is van een aantal factoren afhankelijk. De keuze die u maakt, heeft gevolgen voor de wijze waarop u de kosten van de auto moet verwerken in uw winstberekening. U moet voor de inkomstenbelasting bepalen of uw auto tot het ondernemingsvermogen of [&hellip;]<\/p>\n","protected":false},"author":2,"featured_media":0,"parent":0,"menu_order":0,"comment_status":"closed","ping_status":"closed","template":"","meta":{"footnotes":""},"class_list":["post-53","page","type-page","status-publish","hentry"],"_links":{"self":[{"href":"https:\/\/raad-bv.nl\/index.php\/wp-json\/wp\/v2\/pages\/53","targetHints":{"allow":["GET"]}}],"collection":[{"href":"https:\/\/raad-bv.nl\/index.php\/wp-json\/wp\/v2\/pages"}],"about":[{"href":"https:\/\/raad-bv.nl\/index.php\/wp-json\/wp\/v2\/types\/page"}],"author":[{"embeddable":true,"href":"https:\/\/raad-bv.nl\/index.php\/wp-json\/wp\/v2\/users\/2"}],"replies":[{"embeddable":true,"href":"https:\/\/raad-bv.nl\/index.php\/wp-json\/wp\/v2\/comments?post=53"}],"version-history":[{"count":1,"href":"https:\/\/raad-bv.nl\/index.php\/wp-json\/wp\/v2\/pages\/53\/revisions"}],"predecessor-version":[{"id":54,"href":"https:\/\/raad-bv.nl\/index.php\/wp-json\/wp\/v2\/pages\/53\/revisions\/54"}],"wp:attachment":[{"href":"https:\/\/raad-bv.nl\/index.php\/wp-json\/wp\/v2\/media?parent=53"}],"curies":[{"name":"wp","href":"https:\/\/api.w.org\/{rel}","templated":true}]}}